{"id":849,"date":"2026-02-12T21:58:56","date_gmt":"2026-02-12T21:58:56","guid":{"rendered":"http:\/\/qxgpsmm.cluster100.hosting.ovh.net\/?page_id=849"},"modified":"2026-02-13T14:42:05","modified_gmt":"2026-02-13T14:42:05","slug":"mentions-legales","status":"publish","type":"page","link":"https:\/\/norfoalk.com\/index.php\/mentions-legales\/","title":{"rendered":"Mentions Legales"},"content":{"rendered":"\t\t<div data-elementor-type=\"wp-page\" data-elementor-id=\"849\" class=\"elementor elementor-849\" data-elementor-post-type=\"page\">\n\t\t\t\t<div class=\"elementor-element elementor-element-c19503a e-flex e-con-boxed e-con e-parent\" data-id=\"c19503a\" data-element_type=\"container\" data-e-type=\"container\">\n\t\t\t\t\t<div class=\"e-con-inner\">\n\t\t\t\t<div class=\"elementor-element elementor-element-f072d85 elementor-widget elementor-widget-heading\" data-id=\"f072d85\" data-element_type=\"widget\" data-e-type=\"widget\" data-widget_type=\"heading.default\">\n\t\t\t\t\t<h1 class=\"elementor-heading-title elementor-size-default\">Mentions l\u00e9gales<\/h1>\t\t\t\t<\/div>\n\t\t\t\t<div class=\"elementor-element elementor-element-dae2059 elementor-widget elementor-widget-text-editor\" data-id=\"dae2059\" data-element_type=\"widget\" data-e-type=\"widget\" data-widget_type=\"text-editor.default\">\n\t\t\t\t\t\t\t\t\t<h4><span style=\"color: #000000;\">Identit\u00e9 de l\u2019entreprise :<\/span><\/h4><p>\u2022 <strong>Raison sociale<\/strong> : Norfoalk<br \/>\u2022 <strong>Forme juridique<\/strong> : Soci\u00e9t\u00e9 par actions simplifi\u00e9es (SASU)<br \/>\u2022 <strong>A<\/strong><b>dresse du si\u00e8ge social <\/b>: 3 rue du boeuf 69005 Lyon<br \/>\u2022 <strong>Num\u00e9ro SIREN ou SIRET<\/strong> : 89030218500024<br \/>\u2022 <strong>Code APE (Activit\u00e9 Principale Exerc\u00e9e)<\/strong> : 6420Z<br \/>\u2022 <strong>Capital social (si applicable)<\/strong> : 766 800,00\u20ac<\/p><h4><span style=\"color: #000000;\">Coordonn\u00e9es :<\/span><\/h4><p>\u2022 <strong>Num\u00e9ro de t\u00e9l\u00e9phone et\/ou adresse e-mail.<\/strong> : \u00e0 d\u00e9fninir<br \/>\u2022 <strong>Site internet<\/strong> (www.norfoalk.com).<\/p><h4><span style=\"color: #000000;\">Responsable de la publication :<\/span><\/h4><p>\u2022 Nom et fonction de la personne responsable de la publication des informations sur le site : Jean-Guillaume Lafay (CEO)<\/p><h4><span style=\"color: #000000;\">Num\u00e9ro d\u2019immatriculation :<\/span><\/h4><p>\u2022 Num\u00e9ro d\u2019immatriculation au <strong>Registre du Commerce et des Soci\u00e9t\u00e9s (RCS)<\/strong> :<br \/>890 302 185 R.C.S. Lyon<\/p><h4><span style=\"color: #000000;\">TVA intracommunautaire :<\/span><\/h4><p>\u2022<strong> Num\u00e9ro de TVA intracommunautaire<\/strong> : FR24890302185<\/p>\t\t\t\t\t\t\t\t<\/div>\n\t\t\t\t\t<\/div>\n\t\t\t\t<\/div>\n\t\t\t\t<\/div>\n\t\t","protected":false},"excerpt":{"rendered":"<p>Mentions l\u00e9gales Identit\u00e9 de l\u2019entreprise : \u2022 Raison sociale : Norfoalk\u2022 Forme juridique : Soci\u00e9t\u00e9 par actions simplifi\u00e9es (SASU)\u2022 Adresse du si\u00e8ge social : 3 rue du boeuf 69005 Lyon\u2022 Num\u00e9ro SIREN ou SIRET : 89030218500024\u2022 Code APE (Activit\u00e9 Principale Exerc\u00e9e) : 6420Z\u2022 Capital social (si applicable) : 766 800,00\u20ac Coordonn\u00e9es : \u2022 Num\u00e9ro de [&hellip;]<\/p>\n","protected":false},"author":2,"featured_media":0,"parent":0,"menu_order":0,"comment_status":"closed","ping_status":"closed","template":"","meta":{"footnotes":""},"class_list":["post-849","page","type-page","status-publish","hentry"],"_links":{"self":[{"href":"https:\/\/norfoalk.com\/index.php\/wp-json\/wp\/v2\/pages\/849","targetHints":{"allow":["GET"]}}],"collection":[{"href":"https:\/\/norfoalk.com\/index.php\/wp-json\/wp\/v2\/pages"}],"about":[{"href":"https:\/\/norfoalk.com\/index.php\/wp-json\/wp\/v2\/types\/page"}],"author":[{"embeddable":true,"href":"https:\/\/norfoalk.com\/index.php\/wp-json\/wp\/v2\/users\/2"}],"replies":[{"embeddable":true,"href":"https:\/\/norfoalk.com\/index.php\/wp-json\/wp\/v2\/comments?post=849"}],"version-history":[{"count":13,"href":"https:\/\/norfoalk.com\/index.php\/wp-json\/wp\/v2\/pages\/849\/revisions"}],"predecessor-version":[{"id":871,"href":"https:\/\/norfoalk.com\/index.php\/wp-json\/wp\/v2\/pages\/849\/revisions\/871"}],"wp:attachment":[{"href":"https:\/\/norfoalk.com\/index.php\/wp-json\/wp\/v2\/media?parent=849"}],"curies":[{"name":"wp","href":"https:\/\/api.w.org\/{rel}","templated":true}]}}