{"id":860,"date":"2026-02-13T14:33:32","date_gmt":"2026-02-13T14:33:32","guid":{"rendered":"http:\/\/qxgpsmm.cluster100.hosting.ovh.net\/?page_id=860"},"modified":"2026-02-13T14:40:53","modified_gmt":"2026-02-13T14:40:53","slug":"politique-de-confidentialite","status":"publish","type":"page","link":"https:\/\/norfoalk.com\/index.php\/politique-de-confidentialite\/","title":{"rendered":"Politique de confidentialit\u00e9"},"content":{"rendered":"\t\t<div data-elementor-type=\"wp-page\" data-elementor-id=\"860\" class=\"elementor elementor-860\" data-elementor-post-type=\"page\">\n\t\t\t\t<div class=\"elementor-element elementor-element-160a77a e-flex e-con-boxed e-con e-parent\" data-id=\"160a77a\" data-element_type=\"container\" data-e-type=\"container\">\n\t\t\t\t\t<div class=\"e-con-inner\">\n\t\t\t\t<div class=\"elementor-element elementor-element-208c8a0 elementor-widget elementor-widget-heading\" data-id=\"208c8a0\" data-element_type=\"widget\" data-e-type=\"widget\" data-widget_type=\"heading.default\">\n\t\t\t\t\t<h1 class=\"elementor-heading-title elementor-size-default\">Politique de confidentialit\u00e9<\/h1>\t\t\t\t<\/div>\n\t\t\t\t<div class=\"elementor-element elementor-element-26834ce elementor-widget elementor-widget-text-editor\" data-id=\"26834ce\" data-element_type=\"widget\" data-e-type=\"widget\" data-widget_type=\"text-editor.default\">\n\t\t\t\t\t\t\t\t\t<h2><span style=\"color: #000000;\">Les donn\u00e9es collect\u00e9es<\/span><\/h2><p>Les informations non identifi\u00e9es et non identifiables, qui peuvent \u00eatre fournies par vous lors du processus d\u2019enregistrement ou recueillies lorsque vous utilisez nos Services (les \u00ab Informations non personnelles \u00bb). Les informations non personnelles ne nous permettent pas d\u2019identifier la personne aupr\u00e8s de qui elles ont \u00e9t\u00e9 recueillies. Les Informations non personnelles que nous recueillons consistent principalement en des informations techniques et des informations d\u2019utilisation agr\u00e9g\u00e9es. Comment nous recueillons les informations :<br \/>\u25cf Nous recueillons des informations lorsque vous utilisez les Services. Lorsque vous visitez nos Propri\u00e9t\u00e9s num\u00e9riques ou que vous utilisez nos Services, nous pouvons recueillir, collecter et enregistrer ces utilisations, sessions et informations connexes.<br \/>\u25cf Nous recueillons les informations que vous nous fournissez volontairement. Par exemple, nous recueillons les informations que vous nous fournissez lorsque vous nous contactez directement par n\u2019importe quel canal de communication (par exemple lorsque vous nous envoyez un e-mail contenant un commentaire ou un retour d\u2019information) ou en remplissant le formulaire pour vous inscrire \u00e0 notre newsletter.<\/p><h2><span style=\"color: #000000;\">Pourquoi nous recueillons les informations ?<\/span><\/h2><p>Nous utilisons vos Informations personnelles aux fins suivantes :<br \/>\u25cf Pour fournir et exploiter les Services<br \/>\u25cf Pour d\u00e9velopper, personnaliser et am\u00e9liorer nos Services<br \/>\u25cf Pour r\u00e9pondre \u00e0 vos r\u00e9actions, demandes et requ\u00eates et vous apporter notre assistance<br \/>\u25cf Pour analyser les sch\u00e9mas de demande et d\u2019utilisation<br \/>\u25cf \u00c0 d\u2019autres fins internes, de recherche ou de statistiques<br \/>\u25cf Pour renforcer nos capacit\u00e9s en mati\u00e8re de s\u00e9curit\u00e9 des donn\u00e9es et de pr\u00e9vention de la fraude<br \/>\u25cf Pour enqu\u00eater sur les \u00e9ventuelles violations, faire respecter nos conditions ou nos politiques, ou se conformer \u00e0 une loi, une r\u00e9glementation ou une autorit\u00e9 gouvernementale applicable.<\/p><p>\u00a0<\/p><h2><span style=\"color: #000000;\">Avec qui nous partageons les informations ?<\/span><\/h2><p>Nous pouvons partager vos informations avec nos fournisseurs de services, afin d\u2019exploiter nos Services (par exemple, en stockant des informations sur les services d\u2019h\u00e9bergement tiers, en fournissant notre assistance technique, etc.) Combien de temps sont conserv\u00e9es les informations : Veuillez noter que nous conservons les informations que nous recueillons aussi longtemps que n\u00e9cessaire pour fournir les Services et pour nous conformer \u00e0 nos obligations l\u00e9gales ou contractuelles envers vous, r\u00e9soudre les litiges et faire respecter nos accords. Nous pouvons rectifier, compl\u00e9ter ou supprimer des informations incompl\u00e8tes ou inexactes, \u00e0 tout moment et \u00e0 notre enti\u00e8re discr\u00e9tion.<\/p>\t\t\t\t\t\t\t\t<\/div>\n\t\t\t\t\t<\/div>\n\t\t\t\t<\/div>\n\t\t\t\t<\/div>\n\t\t","protected":false},"excerpt":{"rendered":"<p>Politique de confidentialit\u00e9 Les donn\u00e9es collect\u00e9es Les informations non identifi\u00e9es et non identifiables, qui peuvent \u00eatre fournies par vous lors du processus d\u2019enregistrement ou recueillies lorsque vous utilisez nos Services (les \u00ab Informations non personnelles \u00bb). Les informations non personnelles ne nous permettent pas d\u2019identifier la personne aupr\u00e8s de qui elles ont \u00e9t\u00e9 recueillies. Les [&hellip;]<\/p>\n","protected":false},"author":2,"featured_media":0,"parent":0,"menu_order":0,"comment_status":"closed","ping_status":"closed","template":"","meta":{"footnotes":""},"class_list":["post-860","page","type-page","status-publish","hentry"],"_links":{"self":[{"href":"https:\/\/norfoalk.com\/index.php\/wp-json\/wp\/v2\/pages\/860","targetHints":{"allow":["GET"]}}],"collection":[{"href":"https:\/\/norfoalk.com\/index.php\/wp-json\/wp\/v2\/pages"}],"about":[{"href":"https:\/\/norfoalk.com\/index.php\/wp-json\/wp\/v2\/types\/page"}],"author":[{"embeddable":true,"href":"https:\/\/norfoalk.com\/index.php\/wp-json\/wp\/v2\/users\/2"}],"replies":[{"embeddable":true,"href":"https:\/\/norfoalk.com\/index.php\/wp-json\/wp\/v2\/comments?post=860"}],"version-history":[{"count":7,"href":"https:\/\/norfoalk.com\/index.php\/wp-json\/wp\/v2\/pages\/860\/revisions"}],"predecessor-version":[{"id":868,"href":"https:\/\/norfoalk.com\/index.php\/wp-json\/wp\/v2\/pages\/860\/revisions\/868"}],"wp:attachment":[{"href":"https:\/\/norfoalk.com\/index.php\/wp-json\/wp\/v2\/media?parent=860"}],"curies":[{"name":"wp","href":"https:\/\/api.w.org\/{rel}","templated":true}]}}